{"id":1111,"date":"2016-11-02T02:27:40","date_gmt":"2016-11-02T02:27:40","guid":{"rendered":"http:\/\/splawski.eu\/?page_id=12"},"modified":"2020-12-17T12:05:16","modified_gmt":"2020-12-17T11:05:16","slug":"publikacje","status":"publish","type":"page","link":"https:\/\/splawski.eu\/index.php\/publikacje\/","title":{"rendered":"Publikacje"},"content":{"rendered":"<div class=\"fusion-fullwidth fullwidth-box fusion-builder-row-1 nonhundred-percent-fullwidth non-hundred-percent-height-scrolling\" style=\"--awb-border-radius-top-left:0px;--awb-border-radius-top-right:0px;--awb-border-radius-bottom-right:0px;--awb-border-radius-bottom-left:0px;--awb-padding-top:20px;--awb-padding-bottom:65px;--awb-background-color:#f7f7f7;--awb-flex-wrap:wrap;\" ><div class=\"fusion-builder-row fusion-row\"><div class=\"fusion-layout-column fusion_builder_column fusion-builder-column-0 fusion_builder_column_1_1 1_1 fusion-one-full fusion-column-first fusion-column-last\" style=\"--awb-bg-size:cover;--awb-margin-top:2%;--awb-margin-bottom:2%;\"><div class=\"fusion-column-wrapper fusion-flex-column-wrapper-legacy\"><div class=\"fusion-blog-shortcode fusion-blog-shortcode-1 fusion-blog-archive fusion-blog-layout-grid-wrapper fusion-blog-pagination\"><style type=\"text\/css\">.fusion-blog-shortcode-1 .fusion-blog-layout-grid .fusion-post-grid{padding:25px;}.fusion-blog-shortcode-1 .fusion-posts-container{margin-left: -25px !important; margin-right:-25px !important;}<\/style><div class=\"fusion-posts-container fusion-posts-container-pagination fusion-blog-rollover fusion-blog-layout-grid fusion-blog-layout-grid-2 isotope\" data-pages=\"1\" data-grid-col-space=\"50\" style=\"margin: -25px -25px 0;min-height:500px;\"><article id=\"blog-1-post-1762\" class=\"fusion-post-grid post-1762 post type-post status-publish format-standard has-post-thumbnail hentry category-aktualnosci tag-gry-komputerowe tag-ip tag-prawo-autorskie tag-prawo-cywilne tag-spolki\">\n<div class=\"fusion-post-wrapper\" style=\"background-color:rgba(255,255,255,1);border:1px solid #eeeeee;border-bottom-width:3px;\">\n\n\t\t\t<div class=\"fusion-flexslider flexslider fusion-flexslider-loading fusion-post-slideshow\" style=\"border-color:#eeeeee;\">\n\t\t<ul class=\"slides\">\n\t\t\t\n\t\t\t\t\t\t\t\t\t\t\t\t\t\t<li><div  class=\"fusion-image-wrapper\" aria-haspopup=\"true\">\n\t\t\t\t<img decoding=\"async\" width=\"1920\" height=\"1280\" src=\"https:\/\/splawski.eu\/wp-content\/uploads\/2024\/07\/pexels-ron-lach-7848992.jpg\" class=\"attachment-full size-full wp-post-image\" alt=\"\" srcset=\"https:\/\/splawski.eu\/wp-content\/uploads\/2024\/07\/pexels-ron-lach-7848992-200x133.jpg 200w, https:\/\/splawski.eu\/wp-content\/uploads\/2024\/07\/pexels-ron-lach-7848992-400x267.jpg 400w, https:\/\/splawski.eu\/wp-content\/uploads\/2024\/07\/pexels-ron-lach-7848992-600x400.jpg 600w, https:\/\/splawski.eu\/wp-content\/uploads\/2024\/07\/pexels-ron-lach-7848992-800x533.jpg 800w, https:\/\/splawski.eu\/wp-content\/uploads\/2024\/07\/pexels-ron-lach-7848992-1200x800.jpg 1200w, https:\/\/splawski.eu\/wp-content\/uploads\/2024\/07\/pexels-ron-lach-7848992.jpg 1920w\" sizes=\"(min-width: 2200px) 100vw, (min-width: 1052px) 525px, (min-width: 960px) 1052px, \" \/><div class=\"fusion-rollover\">\n\t<div class=\"fusion-rollover-content\">\n\n\t\t\t\t\t\t\t\t\t\t\t\t\t\t<a class=\"fusion-rollover-link\" href=\"https:\/\/splawski.eu\/index.php\/2024\/07\/24\/co-musisz-wiedziec-o-ip-gry\/\">Co musisz wiedzie\u0107 o prawie autorskim, je\u017celi planujesz stworzy\u0107 gr\u0119 komputerow\u0105?<\/a>\n\t\t\t\n\t\t\t\t\t\t\t\t\n\t\t\n\t\t\t\t\t\t\t\t\n\t\t\t\t\t\t\t\t\n\t\t\n\t\t\t\t\t\t<a class=\"fusion-link-wrapper\" href=\"https:\/\/splawski.eu\/index.php\/2024\/07\/24\/co-musisz-wiedziec-o-ip-gry\/\" aria-label=\"Co musisz wiedzie\u0107 o prawie autorskim, je\u017celi planujesz stworzy\u0107 gr\u0119 komputerow\u0105?\"><\/a>\n\t<\/div>\n<\/div>\n<\/div>\n<\/li>\n\t\t\t\n\t\t\t\n\t\t\t\t\t\t\t\t\t\t\t\t\t\t\t\t\t\t\t\t\t\t\t\t\t\t\t\t\t\t\t\t\t\t\t\t\t\t\t\t\t\t\t\t\t\t\t\t\t\t\t\t\t\t\t\t\t\t\t\t\t\t\t\t\t\t\t\t<\/ul>\n\t<\/div>\n\t<div class=\"fusion-post-content-wrapper\" style=\"padding:30px 25px 20px 25px;\"><div class=\"fusion-post-content post-content\"><h2 class=\"blog-shortcode-post-title entry-title\"><a href=\"https:\/\/splawski.eu\/index.php\/2024\/07\/24\/co-musisz-wiedziec-o-ip-gry\/\">Co musisz wiedzie\u0107 o prawie autorskim, je\u017celi planujesz stworzy\u0107 gr\u0119 komputerow\u0105?<\/a><\/h2><div class=\"fusion-content-sep sep-single sep-solid\"><\/div><div class=\"fusion-post-content-container\"><p>Bran\u017ca elektronicznej rozrywki jest jednym z najszybciej rozwijaj\u0105cych si\u0119 sektor\u00f3w gospodarki. W 2021 roku warto\u015b\u0107 \u015bwiatowego rynku gier wynios\u0142a 175,8 mld USD, a w Polsce 5,7 mld USD. Wraz z rosn\u0105c\u0105 popularno\u015bci\u0105 gier wideo, ro\u015bnie r\u00f3wnie\u017c znaczenie ochrony w\u0142asno\u015bci intelektualnej w tej bran\u017cy. W jaki spos\u00f3b polskie prawo chroni gry komputerowe?<\/p><\/div><\/div><div class=\"fusion-meta-info\"><div class=\"fusion-alignleft\"><a class=\"fusion-read-more\" href=\"https:\/\/splawski.eu\/index.php\/2024\/07\/24\/co-musisz-wiedziec-o-ip-gry\/\" aria-label=\"More on Co musisz wiedzie\u0107 o prawie autorskim, je\u017celi planujesz stworzy\u0107 gr\u0119 komputerow\u0105?\">Read More<\/a><\/div><\/div><\/div><div class=\"fusion-clearfix\"><\/div><\/div>\n<\/article>\n<article id=\"blog-1-post-1716\" class=\"fusion-post-grid post-1716 post type-post status-publish format-standard has-post-thumbnail hentry category-aktualnosci tag-nieuczciwa-konkurencja tag-prawo-cywilne tag-prawo-handlowe tag-spolki\">\n<div class=\"fusion-post-wrapper\" style=\"background-color:rgba(255,255,255,1);border:1px solid #eeeeee;border-bottom-width:3px;\">\n\n\t\t\t<div class=\"fusion-flexslider flexslider fusion-flexslider-loading fusion-post-slideshow\" style=\"border-color:#eeeeee;\">\n\t\t<ul class=\"slides\">\n\t\t\t\n\t\t\t\t\t\t\t\t\t\t\t\t\t\t<li><div  class=\"fusion-image-wrapper\" aria-haspopup=\"true\">\n\t\t\t\t<img decoding=\"async\" width=\"1920\" height=\"2411\" src=\"https:\/\/splawski.eu\/wp-content\/uploads\/2024\/07\/bermix-studio-56CjIvG10lo-unsplash.jpg\" class=\"attachment-full size-full wp-post-image\" alt=\"\" srcset=\"https:\/\/splawski.eu\/wp-content\/uploads\/2024\/07\/bermix-studio-56CjIvG10lo-unsplash-200x251.jpg 200w, https:\/\/splawski.eu\/wp-content\/uploads\/2024\/07\/bermix-studio-56CjIvG10lo-unsplash-400x502.jpg 400w, https:\/\/splawski.eu\/wp-content\/uploads\/2024\/07\/bermix-studio-56CjIvG10lo-unsplash-600x753.jpg 600w, https:\/\/splawski.eu\/wp-content\/uploads\/2024\/07\/bermix-studio-56CjIvG10lo-unsplash-800x1005.jpg 800w, https:\/\/splawski.eu\/wp-content\/uploads\/2024\/07\/bermix-studio-56CjIvG10lo-unsplash-1200x1507.jpg 1200w, https:\/\/splawski.eu\/wp-content\/uploads\/2024\/07\/bermix-studio-56CjIvG10lo-unsplash.jpg 1920w\" sizes=\"(min-width: 2200px) 100vw, (min-width: 1052px) 525px, (min-width: 960px) 1052px, \" \/><div class=\"fusion-rollover\">\n\t<div class=\"fusion-rollover-content\">\n\n\t\t\t\t\t\t\t\t\t\t\t\t\t\t<a class=\"fusion-rollover-link\" href=\"https:\/\/splawski.eu\/index.php\/2024\/07\/22\/cybersquatting-czyli-nieuczciwa-konkurencja-w-sieci\/\">Cybersquatting, czyli nieuczciwa konkurencja w sieci<\/a>\n\t\t\t\n\t\t\t\t\t\t\t\t\n\t\t\n\t\t\t\t\t\t\t\t\n\t\t\t\t\t\t\t\t\n\t\t\n\t\t\t\t\t\t<a class=\"fusion-link-wrapper\" href=\"https:\/\/splawski.eu\/index.php\/2024\/07\/22\/cybersquatting-czyli-nieuczciwa-konkurencja-w-sieci\/\" aria-label=\"Cybersquatting, czyli nieuczciwa konkurencja w sieci\"><\/a>\n\t<\/div>\n<\/div>\n<\/div>\n<\/li>\n\t\t\t\n\t\t\t\n\t\t\t\t\t\t\t\t\t\t\t\t\t\t\t\t\t\t\t\t\t\t\t\t\t\t\t\t\t\t\t\t\t\t\t\t\t\t\t\t\t\t\t\t\t\t\t\t\t\t\t\t\t\t\t\t\t\t\t\t\t\t\t\t\t\t\t\t<\/ul>\n\t<\/div>\n\t<div class=\"fusion-post-content-wrapper\" style=\"padding:30px 25px 20px 25px;\"><div class=\"fusion-post-content post-content\"><h2 class=\"blog-shortcode-post-title entry-title\"><a href=\"https:\/\/splawski.eu\/index.php\/2024\/07\/22\/cybersquatting-czyli-nieuczciwa-konkurencja-w-sieci\/\">Cybersquatting, czyli nieuczciwa konkurencja w sieci<\/a><\/h2><div class=\"fusion-content-sep sep-single sep-solid\"><\/div><div class=\"fusion-post-content-container\"><p>Obecno\u015b\u0107 w Internecie i dzia\u0142ania marketingowe online to elementy kluczowe dla budowania wizerunku firmy. Niestety, wraz z rozwojem technologii, pojawi\u0142y si\u0119 nowe formy nieuczciwej konkurencji, w tym r\u00f3wnie\u017c tzw. cybersquatting. W tym artykule przyjrzymy si\u0119 temu, czym jest cybersquatting, jakie s\u0105 jego formy, jak mo\u017cna si\u0119 przed nim broni\u0107 i co robi\u0107, kiedy padniesz jego ofiar\u0105.<\/p><\/div><\/div><div class=\"fusion-meta-info\"><div class=\"fusion-alignleft\"><a class=\"fusion-read-more\" href=\"https:\/\/splawski.eu\/index.php\/2024\/07\/22\/cybersquatting-czyli-nieuczciwa-konkurencja-w-sieci\/\" aria-label=\"More on Cybersquatting, czyli nieuczciwa konkurencja w sieci\">Read More<\/a><\/div><\/div><\/div><div class=\"fusion-clearfix\"><\/div><\/div>\n<\/article>\n<article id=\"blog-1-post-1427\" class=\"fusion-post-grid post-1427 post type-post status-publish format-standard has-post-thumbnail hentry category-aktualnosci tag-prawo-cywilne tag-prawo-handlowe tag-reprezentacja tag-spolki tag-umowy\">\n<div class=\"fusion-post-wrapper\" style=\"background-color:rgba(255,255,255,1);border:1px solid #eeeeee;border-bottom-width:3px;\">\n\n\t\t\t<div class=\"fusion-flexslider flexslider fusion-flexslider-loading fusion-post-slideshow\" style=\"border-color:#eeeeee;\">\n\t\t<ul class=\"slides\">\n\t\t\t\n\t\t\t\t\t\t\t\t\t\t\t\t\t\t<li><div  class=\"fusion-image-wrapper\" aria-haspopup=\"true\">\n\t\t\t\t<img decoding=\"async\" width=\"1920\" height=\"1440\" src=\"https:\/\/splawski.eu\/wp-content\/uploads\/2020\/04\/person-holding-silver-pen-signing-photographers-signature-175045.jpg\" class=\"attachment-full size-full wp-post-image\" alt=\"\" srcset=\"https:\/\/splawski.eu\/wp-content\/uploads\/2020\/04\/person-holding-silver-pen-signing-photographers-signature-175045-200x150.jpg 200w, https:\/\/splawski.eu\/wp-content\/uploads\/2020\/04\/person-holding-silver-pen-signing-photographers-signature-175045-400x300.jpg 400w, https:\/\/splawski.eu\/wp-content\/uploads\/2020\/04\/person-holding-silver-pen-signing-photographers-signature-175045-600x450.jpg 600w, https:\/\/splawski.eu\/wp-content\/uploads\/2020\/04\/person-holding-silver-pen-signing-photographers-signature-175045-800x600.jpg 800w, https:\/\/splawski.eu\/wp-content\/uploads\/2020\/04\/person-holding-silver-pen-signing-photographers-signature-175045-1200x900.jpg 1200w, https:\/\/splawski.eu\/wp-content\/uploads\/2020\/04\/person-holding-silver-pen-signing-photographers-signature-175045.jpg 1920w\" sizes=\"(min-width: 2200px) 100vw, (min-width: 1052px) 525px, (min-width: 960px) 1052px, \" \/><div class=\"fusion-rollover\">\n\t<div class=\"fusion-rollover-content\">\n\n\t\t\t\t\t\t\t\t\t\t\t\t\t\t<a class=\"fusion-rollover-link\" href=\"https:\/\/splawski.eu\/index.php\/2020\/04\/07\/czlonek-zarzadu-jako-pelnomocnik-spolki\/\">Cz\u0142onek zarz\u0105du jako pe\u0142nomocnik sp\u00f3\u0142ki<\/a>\n\t\t\t\n\t\t\t\t\t\t\t\t\n\t\t\n\t\t\t\t\t\t\t\t\n\t\t\t\t\t\t\t\t\n\t\t\n\t\t\t\t\t\t<a class=\"fusion-link-wrapper\" href=\"https:\/\/splawski.eu\/index.php\/2020\/04\/07\/czlonek-zarzadu-jako-pelnomocnik-spolki\/\" aria-label=\"Cz\u0142onek zarz\u0105du jako pe\u0142nomocnik sp\u00f3\u0142ki\"><\/a>\n\t<\/div>\n<\/div>\n<\/div>\n<\/li>\n\t\t\t\n\t\t\t\n\t\t\t\t\t\t\t\t\t\t\t\t\t\t\t\t\t\t\t\t\t\t\t\t\t\t\t\t\t\t\t\t\t\t\t\t\t\t\t\t\t\t\t\t\t\t\t\t\t\t\t\t\t\t\t\t\t\t\t\t\t\t\t\t\t\t\t\t<\/ul>\n\t<\/div>\n\t<div class=\"fusion-post-content-wrapper\" style=\"padding:30px 25px 20px 25px;\"><div class=\"fusion-post-content post-content\"><h2 class=\"blog-shortcode-post-title entry-title\"><a href=\"https:\/\/splawski.eu\/index.php\/2020\/04\/07\/czlonek-zarzadu-jako-pelnomocnik-spolki\/\">Cz\u0142onek zarz\u0105du jako pe\u0142nomocnik sp\u00f3\u0142ki<\/a><\/h2><div class=\"fusion-content-sep sep-single sep-solid\"><\/div><div class=\"fusion-post-content-container\"><p>Zgodnie z zapisami w KRS do zawarcia umowy konieczne jest z\u0142o\u017cenie o\u015bwiadcze\u0144 woli przez dw\u00f3ch (lub wi\u0119cej) cz\u0142onk\u00f3w zarz\u0105du dzia\u0142aj\u0105cych wsp\u00f3lnie. Co w sytuacji, gdy jeden z nich nie b\u0119dzie dost\u0119pny w chwili, w kt\u00f3rej umowa b\u0119dzie gotowa do podpisu?<\/p><\/div><\/div><div class=\"fusion-meta-info\"><div class=\"fusion-alignleft\"><a class=\"fusion-read-more\" href=\"https:\/\/splawski.eu\/index.php\/2020\/04\/07\/czlonek-zarzadu-jako-pelnomocnik-spolki\/\" aria-label=\"More on Cz\u0142onek zarz\u0105du jako pe\u0142nomocnik sp\u00f3\u0142ki\">Read More<\/a><\/div><\/div><\/div><div class=\"fusion-clearfix\"><\/div><\/div>\n<\/article>\n<article id=\"blog-1-post-1160\" class=\"fusion-post-grid post-1160 post type-post status-publish format-standard has-post-thumbnail hentry category-aktualnosci tag-prawo-handlo tag-umowy\">\n<div class=\"fusion-post-wrapper\" style=\"background-color:rgba(255,255,255,1);border:1px solid #eeeeee;border-bottom-width:3px;\">\n\n\t\t\t<div class=\"fusion-flexslider flexslider fusion-flexslider-loading fusion-post-slideshow\" style=\"border-color:#eeeeee;\">\n\t\t<ul class=\"slides\">\n\t\t\t\n\t\t\t\t\t\t\t\t\t\t\t\t\t\t<li><div  class=\"fusion-image-wrapper\" aria-haspopup=\"true\">\n\t\t\t\t<img decoding=\"async\" width=\"1920\" height=\"1280\" src=\"https:\/\/splawski.eu\/wp-content\/uploads\/2019\/12\/food-couple-sweet-married-2226-2.jpg\" class=\"attachment-full size-full wp-post-image\" alt=\"\" srcset=\"https:\/\/splawski.eu\/wp-content\/uploads\/2019\/12\/food-couple-sweet-married-2226-2-200x133.jpg 200w, https:\/\/splawski.eu\/wp-content\/uploads\/2019\/12\/food-couple-sweet-married-2226-2-400x267.jpg 400w, https:\/\/splawski.eu\/wp-content\/uploads\/2019\/12\/food-couple-sweet-married-2226-2-600x400.jpg 600w, https:\/\/splawski.eu\/wp-content\/uploads\/2019\/12\/food-couple-sweet-married-2226-2-800x533.jpg 800w, https:\/\/splawski.eu\/wp-content\/uploads\/2019\/12\/food-couple-sweet-married-2226-2-1200x800.jpg 1200w, https:\/\/splawski.eu\/wp-content\/uploads\/2019\/12\/food-couple-sweet-married-2226-2.jpg 1920w\" sizes=\"(min-width: 2200px) 100vw, (min-width: 1052px) 525px, (min-width: 960px) 1052px, \" \/><div class=\"fusion-rollover\">\n\t<div class=\"fusion-rollover-content\">\n\n\t\t\t\t\t\t\t\t\t\t\t\t\t\t<a class=\"fusion-rollover-link\" href=\"https:\/\/splawski.eu\/index.php\/2019\/12\/28\/rozdzielnosc-majatkowa-a-zobowiazania-malzonka\/\">Rozdzielno\u015b\u0107 maj\u0105tkowa a zobowi\u0105zania ma\u0142\u017conka<\/a>\n\t\t\t\n\t\t\t\t\t\t\t\t\n\t\t\n\t\t\t\t\t\t\t\t\n\t\t\t\t\t\t\t\t\n\t\t\n\t\t\t\t\t\t<a class=\"fusion-link-wrapper\" href=\"https:\/\/splawski.eu\/index.php\/2019\/12\/28\/rozdzielnosc-majatkowa-a-zobowiazania-malzonka\/\" aria-label=\"Rozdzielno\u015b\u0107 maj\u0105tkowa a zobowi\u0105zania ma\u0142\u017conka\"><\/a>\n\t<\/div>\n<\/div>\n<\/div>\n<\/li>\n\t\t\t\n\t\t\t\n\t\t\t\t\t\t\t\t\t\t\t\t\t\t\t\t\t\t\t\t\t\t\t\t\t\t\t\t\t\t\t\t\t\t\t\t\t\t\t\t\t\t\t\t\t\t\t\t\t\t\t\t\t\t\t\t\t\t\t\t\t\t\t\t\t\t\t\t<\/ul>\n\t<\/div>\n\t<div class=\"fusion-post-content-wrapper\" style=\"padding:30px 25px 20px 25px;\"><div class=\"fusion-post-content post-content\"><h2 class=\"blog-shortcode-post-title entry-title\"><a href=\"https:\/\/splawski.eu\/index.php\/2019\/12\/28\/rozdzielnosc-majatkowa-a-zobowiazania-malzonka\/\">Rozdzielno\u015b\u0107 maj\u0105tkowa a zobowi\u0105zania ma\u0142\u017conka<\/a><\/h2><div class=\"fusion-content-sep sep-single sep-solid\"><\/div><div class=\"fusion-post-content-container\"><p>Czy ustanowienie rozdzielno\u015bci maj\u0105tkowej ogranicza odpowiedzialno\u015b\u0107 za d\u0142ugi ma\u0142\u017conka? Kiedy i na jakich zasadach wsp\u00f3\u0142ma\u0142\u017conek odpowiada za zobowi\u0105zania swojego partnera? Na te i inne pytania postaram si\u0119 odpowiedzie\u0107 w niniejszym artykule.<\/p><\/div><\/div><div class=\"fusion-meta-info\"><div class=\"fusion-alignleft\"><a class=\"fusion-read-more\" href=\"https:\/\/splawski.eu\/index.php\/2019\/12\/28\/rozdzielnosc-majatkowa-a-zobowiazania-malzonka\/\" aria-label=\"More on Rozdzielno\u015b\u0107 maj\u0105tkowa a zobowi\u0105zania ma\u0142\u017conka\">Read More<\/a><\/div><\/div><\/div><div class=\"fusion-clearfix\"><\/div><\/div>\n<\/article>\n<div class=\"fusion-clearfix\"><\/div><\/div><\/div><div class=\"fusion-clearfix\"><\/div><\/div><\/div><\/div><\/div>\n","protected":false},"excerpt":{"rendered":"","protected":false},"author":1,"featured_media":0,"parent":0,"menu_order":0,"comment_status":"closed","ping_status":"closed","template":"100-width.php","meta":{"footnotes":""},"class_list":["post-1111","page","type-page","status-publish","hentry"],"_links":{"self":[{"href":"https:\/\/splawski.eu\/index.php\/wp-json\/wp\/v2\/pages\/1111"}],"collection":[{"href":"https:\/\/splawski.eu\/index.php\/wp-json\/wp\/v2\/pages"}],"about":[{"href":"https:\/\/splawski.eu\/index.php\/wp-json\/wp\/v2\/types\/page"}],"author":[{"embeddable":true,"href":"https:\/\/splawski.eu\/index.php\/wp-json\/wp\/v2\/users\/1"}],"replies":[{"embeddable":true,"href":"https:\/\/splawski.eu\/index.php\/wp-json\/wp\/v2\/comments?post=1111"}],"version-history":[{"count":12,"href":"https:\/\/splawski.eu\/index.php\/wp-json\/wp\/v2\/pages\/1111\/revisions"}],"predecessor-version":[{"id":1630,"href":"https:\/\/splawski.eu\/index.php\/wp-json\/wp\/v2\/pages\/1111\/revisions\/1630"}],"wp:attachment":[{"href":"https:\/\/splawski.eu\/index.php\/wp-json\/wp\/v2\/media?parent=1111"}],"curies":[{"name":"wp","href":"https:\/\/api.w.org\/{rel}","templated":true}]}}