{"id":3,"date":"2019-07-03T12:45:34","date_gmt":"2019-07-03T12:45:34","guid":{"rendered":"http:\/\/splawski.eu\/?page_id=3"},"modified":"2020-12-17T13:52:35","modified_gmt":"2020-12-17T12:52:35","slug":"privacy","status":"publish","type":"page","link":"https:\/\/splawski.eu\/index.php\/privacy\/","title":{"rendered":"Polityka prywatno\u015bci i plik\u00f3w cookies"},"content":{"rendered":"\r\n<h2 class=\"wp-block-heading\" style=\"text-align: center;\">POLITYKA PRYWATNO\u015aCI<\/h2>\r\n\r\n\r\n\r\n<p>Niniejsza polityka wyja\u015bnia zasady przetwarzania Twoich danych osobowych oraz przechowywania lub uzyskiwania dost\u0119pu do informacji zapisanych w Twoich urz\u0105dzeniach (np. komputerze, tablecie czy smartfonie), przy pomocy kt\u00f3rych \u0142\u0105czysz si\u0119 z Internetem i korzystasz ze strony internetowej\u00a0<a href=\"https:\/\/www.splawski.eu\">splawski.eu<\/a> oraz<a href=\"http:\/\/splawski.legal\"> splawski.legal<\/a>\u00a0(dalej po prostu &#8222;Strona&#8221;).\u00a0<\/p>\r\n\r\n\r\n\r\n\r\n\r\n<h4 class=\"wp-block-heading\" style=\"text-align: left;\" align=\"center\"><strong>Informacja na temat przetwarzania danych osobowych<\/strong><\/h4>\r\n<p>Uprzejmie informujemy, i\u017c administratorem danych osobowych os\u00f3b korzystaj\u0105cych ze Strony jest Maciej Sp\u0142awski, prowadz\u0105cy dzia\u0142alno\u015b\u0107 gospodarcz\u0105 pod firm\u0105 &#8222;Kancelaria Adwokacka Maciej Sp\u0142awski&#8221; z siedzib\u0105 w Poznaniu (61-707), ul. Karola Libelta 26\/6, REGON: 380925189, NIP: 7822396424.<\/p>\r\n<h4><strong>Z kim mog\u0119 kontaktowa\u0107 si\u0119 w sprawach dotycz\u0105cych ochrony danych?<\/strong><\/h4>\r\n<p>We wszystkich sprawach dotycz\u0105cych ochrony danych osobowych mo\u017cesz kontaktowa\u0107 si\u0119 bezpo\u015brednio z Administratorem.\u00a0Kontakt mo\u017cesz realizowa\u0107 w spos\u00f3b osobisty (w siedzibie Administratora), wysy\u0142aj\u0105c wiadomo\u015b\u0107 na adres e-mail <a href=\"mailto:kancelaria@splawski.eu\">kancelaria@splawski.eu<\/a> lub za po\u015brednictwem poczty tradycyjnej.<\/p>\r\n<h4><strong>Przetwarzanie danych &#8211; cele i podstawy prawne<\/strong><\/h4>\r\n<p>Adminostrator przetwarza Twoje dane osobowe zebrane podczas przegl\u0105dania Strony w nast\u0119puj\u0105cych celach:<\/p>\r\n<ol>\r\n<li>prowadzenia dzia\u0142alno\u015bci analityczno-statystycznej u\u017cytkownik\u00f3w odwiedzaj\u0105cych Stron\u0119 \u2013 podstaw\u0119 prawn\u0105 przetwarzania stanowi art. 6 ust. 1 lit. f\u00a0RODO;<\/li>\r\n<li>zapewniania pe\u0142nej funkcjonalno\u015bci Strony, jej responsywno\u015bci i interoperacyjno\u015bci \u2013 podstaw\u0119 prawn\u0105 przetwarzania stanowi art. 6 ust. 1 lit. f\u00a0RODO.<\/li>\r\n<\/ol>\r\n<h4><strong>Przetwarzanie danych &#8211; zakres<\/strong><\/h4>\r\n<p>Administrator przetwarza Twoje dane zgromadzone za pomoc\u0105 plik\u00f3w\u00a0<em>cookies<\/em> lub innych technologii wykorzystywanych na Stronie. Dane te nie zawsze b\u0119d\u0105 stanowi\u0107 jednak dane osobowe w rozumieniu obowi\u0105zuj\u0105cych przepis\u00f3w prawa.<\/p>\r\n<p>Wi\u0119cej informacji na temat zakresu gromadzonych danych znajdziesz w <span style=\"text-decoration: underline;\">Polityce cookies.<\/span><\/p>\r\n<h4><strong>Kto b\u0119dzie odbiorc\u0105 moich danych?<\/strong><\/h4>\r\n<p>Twoje dane osobowe mog\u0105 by\u0107 ujawniane podmiotom wsp\u00f3\u0142pracuj\u0105cym z Administratorem. Takie podmioty nazwa si\u0119 odbiorcami danych. Odbiorcami danych b\u0119d\u0105 podmioty uprawnione do uzyskania Twoich danych osobowych na podstawie odr\u0119bnych przepis\u00f3w prawa, a tak\u017ce dostawcy us\u0142ug analitycznych i statystycznych.<\/p>\r\n<p>Wszystkie przypadki ujawniania Twoich danych osobowych odbywaj\u0105 si\u0119 w spos\u00f3b w pe\u0142ni zgodny z prawem, w tym z przepisami\u00a0RODO. Przed ujawnieniem Twoich danych podmiotowi trzeciemu zawsze upewniamy si\u0119, czy takie dzia\u0142anie jest uzasadnione i niezb\u0119dne, a tak\u017ce, czy Twoje dane s\u0105 odpowiednio chronione.<\/p>\r\n<p>W\u015br\u00f3d odbiorc\u00f3w danych przetwarzanych przez SkiSytem w ramach obs\u0142ugi Sklepu internetowego wskaza\u0107 mo\u017cemy m. in. na:<\/p>\r\n<p><strong>Google LLC z siedzib\u0105 w Stanach Zjednoczonych <\/strong>(dalej: Google)<strong>. <\/strong>W ramach Strony korzystamy z us\u0142ugi Google Analytics, pozwalaj\u0105cej nam na badanie aktywno\u015bci na poszczeg\u00f3lnych stronach Serwisu.\u00a0Google Analytics pozwala zbiera\u0107 anonimowe informacje na temat odwiedzin u\u017cytkownik\u00f3w na stronie internetowej, w tym szczeg\u00f3\u0142owe informacje na temat wy\u015bwietlanych podstron, sp\u0119dzonego na nich czasu oraz sposob\u00f3w przechodzenia pomi\u0119dzy poszczeg\u00f3lnymi stronami.<\/p>\r\n<p>Google LLC jest podmiotem certyfikowanym w ramach programu Tarcza Prywatno\u015bci (ang. <em>Privacy Shield<\/em>), zatwierdzonym decyzj\u0105 Komisji Europejskiej (<a href=\"https:\/\/eur-lex.europa.eu\/legal-content\/PL\/TXT\/?uri=CELEX%3A32016D1250\">https:\/\/eur-lex.europa.eu\/legal-content\/PL\/TXT\/?uri=CELEX%3A32016D1250<\/a>) w zwi\u0105zku z czym przekazywanie Twoich danych do Stan\u00f3w Zjednoczonych odbywa si\u0119 zgodnie ze standardami bezpiecze\u0144stwa okre\u015blonego w obowi\u0105zuj\u0105cych na terenie Polski i Unii Europejskiej przepis\u00f3w z zakresu ochrony danych osobowych.<\/p>\r\n<p>Wi\u0119cej informacji na temat przetwarzania Twoich danych przez Google znajdziesz na stronie: <a href=\"https:\/\/policies.google.com\/privacy?hl=pl\">https:\/\/policies.google.com\/privacy?hl=pl<\/a><\/p>\r\n<h4><strong>Czy moje dane osobowe trafiaj\u0105 poza Uni\u0119 Europejsk\u0105?<\/strong><\/h4>\r\n<p>Co do zasady Administrator b\u0119dzie przetwarza\u0107 Twoje dane osobowe wy\u0142\u0105cznie na terytorium Rzeczypospolitej Polskiej. Wyj\u0105tkiem od tej sytuacji mog\u0105 by\u0107 dane statystyczne i analityczne. W tym przypadku Administrator przekazuje Twoje dane osobowe do tzw. \u201epa\u0144stwa trzeciego\u201d w rozumieniu przepis\u00f3w RODO, tj. do Stan\u00f3w Zjednoczonych Ameryki.<\/p>\r\n<p>Stany Zjednoczone Ameryki to pa\u0144stwo, kt\u00f3re nie nale\u017cy do Europejskiego Obszaru Gospodarczego i nie spe\u0142nia wysokich standard\u00f3w ochrony danych osobowych obowi\u0105zuj\u0105cych na terenie Unii Europejskiej. Twoje dane osobowe s\u0105 jednak bezpieczne \u2013 podmioty przetwarzaj\u0105ce (np. Google) zosta\u0142y certyfikowane w programie Tarcza Prywatno\u015bci (<em>Privacy Shield<\/em>), zatwierdzonym decyzj\u0105 Komisji Europejskiej.<\/p>\r\n<h4><strong>Jak d\u0142ugo b\u0119d\u0105 przetwarzane moje dane?<\/strong><\/h4>\r\n<p>Administrator b\u0119dzie przetwarza\u0107 dane zwi\u0105zane z korzystaniem przez Ciebie ze Strony przez okres 2 lat.\u00a0Szczeg\u00f3\u0142owe informacje na temat przetwarzania Twoich danych zgromadzonych z wykorzystaniem plik\u00f3w <em>cookies<\/em> znajdziesz w <span style=\"text-decoration: underline;\">Polityce cookies.<\/span><\/p>\r\n<h4><strong>Jakie prawa przys\u0142uguj\u0105 mi w zwi\u0105zku z przetwarzaniem moich danych osobowych przez\u00a0Administratora?<\/strong><\/h4>\r\n<p>Przys\u0142uguje Tobie prawo do wgl\u0105du, \u017c\u0105dania sprostowania, usuni\u0119cia, ograniczenia lub wniesienia sprzeciwu dotycz\u0105cego przetwarzania Twoich danych osobowych. Prawa te przys\u0142uguj\u0105 Tobie tylko w sytuacjach, w kt\u00f3rych wniesienie takiego \u017c\u0105dania jest faktycznie uzasadnione.<\/p>\r\n<h4><strong>Czy musz\u0119 podawa\u0107 moje dane?<\/strong><\/h4>\r\n<p>Nie musisz podawa\u0107 swoich danych osobowych. Je\u015bli nie chcesz, aby Twoje dane osobowe by\u0142y poddawane dzia\u0142aniom analitycznym i statystycznym mo\u017cesz skorzysta\u0107 ze specjalnych wtyczek do swojej przegl\u0105darki internetowej, kt\u00f3re uniemo\u017cliwi\u0105 zbieranie danych (np. poprzez podawanie fikcyjnych informacji o Twojej przegl\u0105darce czy Twoim sposobie zachowania).<\/p>\r\n<h4 style=\"text-align: left;\" align=\"center\"><strong>Zautomatyzowane przetwarzanie danych<\/strong><\/h4>\r\n<p>Twoje dane osobowe b\u0119d\u0105 przetwarzane w spos\u00f3b zautomatyzowany ale nie b\u0119d\u0105 podlega\u0142y profilowaniu.<\/p>\r\n<h4><strong>Prawo do skargi<\/strong><\/h4>\r\n<p>W zwi\u0105zku z przetwarzaniem Twoich danych przez Administratora przys\u0142uguje Tobie prawo do wniesienia skargi w zwi\u0105zku z tym jak przetwarzane s\u0105 Twoje dane osobowe do organu nadzorczego, kt\u00f3rym jest Prezes Urz\u0119du Ochrony Danych Osobowych z siedzib\u0105 w Warszawie (00-193), przy ul. Stawki 2.<\/p>\r\n<h4><strong>Sprawy nieuregulowane<\/strong><\/h4>\r\n<p>W zakresie nieuregulowanym w niniejszej Polityce znajduj\u0105 zastosowanie odpowiednie przepisy prawa, w tym w szczeg\u00f3lno\u015bci RODO.<\/p>\r\n<p>&nbsp;<\/p>\r\n<p>&nbsp;<\/p>\r\n<h2 align=\"center\">POLITYKA COOKIES<strong><br \/><\/strong><\/h2>\r\n<p>Administrator nie zbiera w spos\u00f3b automatyczny \u017cadnych informacji dotycz\u0105cych sposobu, w jaki korzystasz ze Strony za wyj\u0105tkiem informacji zawartych w plikach <em>cookies<\/em>, zwanych niekiedy \u201eciasteczkami\u201d. Mo\u017cemy wyr\u00f3\u017cni\u0107 dwa zasadnicze rodzaje plik\u00f3w <em>cookies<\/em> &#8211; sta\u0142e i sesyjne.<\/p>\r\n<p>Sta\u0142e pliki <em>cookies<\/em> s\u0105 przechowywane w Twoim urz\u0105dzeniu ko\u0144cowym przez czas okre\u015blony w ich parametrach &#8211; mo\u017ce to by\u0107 czas sesji lub okres z g\u00f3ry okre\u015blony. Niekt\u00f3re z tych plik\u00f3w s\u0105 przechowywanie a\u017c do chwili, w kt\u00f3rej usuniesz je ze swojego urz\u0105dzenia.<\/p>\r\n<p>Pliki sesyjne przechowywane s\u0105 w Twoim urz\u0105dzeniu do chwili, w kt\u00f3rej zako\u0144czysz przegl\u0105danie.<\/p>\r\n<p>Nasza Strona korzysta z nast\u0119puj\u0105cych typ\u00f3w plik\u00f3w <em>cookies<\/em>:<\/p>\r\n<h4><strong>Pliki niezb\u0119dne do zapewnienia bezpiecze\u0144stwa i niezawodno\u015bci<\/strong><\/h4>\r\n<p>Umo\u017cliwiaj\u0105 korzystanie z zawarto\u015bci strony w spos\u00f3b prawid\u0142owy, pozwalaj\u0105 dopasowa\u0107 jej zwarto\u015b\u0107 do urz\u0105dzenia i dbaj\u0105 o podstawowe kwestie zwi\u0105zane z bezpiecze\u0144stwem Twoich danych &#8211; nie mo\u017cesz wy\u0142\u0105czy\u0107 tych plik\u00f3w, ale mo\u017cesz je zablokowa\u0107. W przypadku ich zablokowania niekt\u00f3re elementy strony mog\u0105 nie b\u0119d\u0105 dzia\u0142a\u0107 lub b\u0119d\u0105 funkcjonowa\u0107 w spos\u00f3b nieprawid\u0142owy. Te pliki <em>cookies<\/em> nie przechowuj\u0105 \u017cadnych danych osobowych.<\/p>\r\n<h4><strong>Pliki zapewniaj\u0105ce responsywno\u015b\u0107 i interoperacyjno\u015b\u0107<\/strong><\/h4>\r\n<p>Umo\u017cliwiaj\u0105 dostosowanie Strony do Twoich osobistych preferencji w oparciu o Twoje wcze\u015bniejsze wizyty i ustawienia, w tym dostosowanie sposobu wy\u015bwietlania tre\u015bci do parametr\u00f3w np. dostosowuj\u0105c rozdzielczo\u015b\u0107 czy fragmenty interfejsu. Umo\u017cliwiaj\u0105 r\u00f3wnie\u017c zapami\u0119tanie wybranych przez Ciebie ustawie\u0144 czy Twoich preferencji, np. dotycz\u0105cych tego z jakiego regionu \u015bwiata pochodzisz lub z jakiego linku referencyjnego korzystasz.<\/p>\r\n<p>Mo\u017cesz nie wyrazi\u0107 zgody na stosowanie tych plik\u00f3w <em>cookie<\/em>. W takim wypadku nie b\u0119dziemy zbiera\u0107 informacji o Twoich preferencjach, a niekt\u00f3re elementy Strony mog\u0105 nie dzia\u0142a\u0107 prawid\u0142owo lub w og\u00f3le.<\/p>\r\n<h4><strong>Pliki pozwalaj\u0105ce na dzia\u0142ania analityczne i statystyczne<\/strong><\/h4>\r\n<p>Umo\u017cliwiaj\u0105 zbieranie informacji o sposobie korzystania przez Ciebie ze Strony. Te pliki pozwalaj\u0105 okre\u015bli\u0107, kt\u00f3re tre\u015bci s\u0105 dla Ciebie interesuj\u0105ce, a kt\u00f3re pomijasz, jak cz\u0119sto wchodzisz na stron\u0119 oraz z jakich urz\u0105dze\u0144 korzystasz. Pliki te zawieraj\u0105 dane dotycz\u0105ce Twojego urz\u0105dzenia &#8211; jego typ, model, unikalne identyfikatory takie jak adres MAC czy adres IP, informacje o systemie operacyjnym, jego wersji i ustawieniach, j\u0119zyku dzia\u0142ania, rozdzielczo\u015bci ekranu, wersji i rozdzielczo\u015bci przegl\u0105darki internetowej, a tak\u017ce inne dane dotycz\u0105ce sposobu korzystania przez Ciebie ze Strony, takie jak np. data ostatniej wizyty, jej d\u0142ugo\u015bci czy rodzaju odwiedzanych podstron.<\/p>\r\n<p>Pliki te zawieraj\u0105 tak\u017ce dane dotycz\u0105ce Twojej lokalizacji &#8211; adres IP, dane o lokalizacji geograficznej uzyskane za pomoc\u0105 r\u00f3\u017cnych technologii pozycjonowania, inne podane przez Ciebie dane geolokalizacyjne, w tym nazwy punkt\u00f3w Wi-Fi lub innych czujnik\u00f3w dostarczaj\u0105cych informacje o urz\u0105dzeniach w pobli\u017cu.<\/p>\r\n<p>Zgromadzone za po\u015brednictwem tych plik\u00f3w informacje pozwalaj\u0105 nam doskonali\u0107 dzia\u0142anie Strony. Dane te s\u0105 agregowane, w zwi\u0105zku z czym pozostaj\u0105 anonimowe.<\/p>\r\n<p>Mo\u017cesz nie wyrazi\u0107 zgody na stosowanie tych plik\u00f3w <em>cookie<\/em> &#8211; w\u00f3wczas nie b\u0119dziemy wiedzie\u0107, kiedy odwiedzi\u0142e\u015b nasz\u0105 stron\u0119 internetow\u0105 oraz jakie dzia\u0142ania na niej wykonywa\u0142e\u015b. Rezygnacja z tych plik\u00f3w <em>cookie<\/em> mo\u017ce powodowa\u0107, \u017ce niekt\u00f3re funkcje Strony b\u0119d\u0105 niedost\u0119pne.<\/p>\r\n<p>&nbsp;<\/p>\r\n<p><strong>Dane zapisane w plikach <em>cookies<\/em>, w po\u0142\u0105czeniu z innymi danymi, mog\u0105 stanowi\u0107 dane osobowe. <\/strong>Pami\u0119taj, \u017ce ilo\u015b\u0107 plik\u00f3w <em>cookies<\/em> zapisywanych na urz\u0105dzeniach poszczeg\u00f3lnych u\u017cytkownik\u00f3w mo\u017ce by\u0107 r\u00f3\u017cna &#8211; wynika to z rodzaju urz\u0105dzenia, wykorzystywanego przegl\u0105darki i zainstalowanych wtyczek oraz ich ustawie\u0144.<\/p>\r\n<h4>\u00a0<\/h4>\r\n<h4><strong>Google Analytics<\/strong><\/h4>\r\n<p>Cz\u0119\u015b\u0107 z wykorzystywanych plik\u00f3w <em>cookie<\/em> oraz funkcjonalno\u015bci to funkcjonalno\u015bci dostarczane przez Google w ramach us\u0142ugi Google Analytics. Sklep posiada zapisany tzw. \u201ekod \u015bledzenia Google\u201d, kt\u00f3ry jest unikalnym identyfikatorem. Kiedy przegl\u0105dasz nasze strony Google identyfikuje Ci\u0119 po tym, \u017ce Twoje urz\u0105dzenie wykona\u0142o w\/w kod.<\/p>\r\n<p>Google Analytics pozwala zbiera\u0107 anonimowe informacje na temat odwiedzin u\u017cytkownik\u00f3w na stronie internetowej, w tym szczeg\u00f3\u0142owe informacje na temat wy\u015bwietlanych podstron, czasu na nich sp\u0119dzanego oraz sposobu przechodzenia pomi\u0119dzy poszczeg\u00f3lnymi stronami. Dane przetwarzane przy wykorzystaniu Google Analytics mog\u0105 by\u0107 przekazywane poza Europejski Obszar Gospodarczy.<\/p>\r\n<p>Google jest podmiotem certyfikowanym w ramach programu Tarcza Prywatno\u015bci (ang. <em>Privacy Shield<\/em>) zatwierdzonym decyzj\u0105 Komisji Europejskiej, co gwarantuje odpowiedni poziom bezpiecze\u0144stwa Twoich danych.<\/p>\r\n<p>Wi\u0119cej informacji znajdziesz na stronie internetowej: <a href=\"https:\/\/policies.google.com\/privacy?hl=pl\">https:\/\/policies.google.com\/privacy?hl=pl<\/a><\/p>\r\n<h4>\u00a0<\/h4>\r\n<h4>Google Maps<\/h4>\r\n<p>Nasza strona korzysta z us\u0142ug map Google Maps dostarczanych przez Google LLC z siedzib\u0105 w Stanach Zjednoczonych. \u00a0Aby wykorzystywane przez nas materia\u0142y z Google Mapsby\u0142y wy\u015bwietlane w Twojej przegl\u0105darce musi mie\u0107 ona mo\u017cliwo\u015b\u0107 po\u0142\u0105czenia si\u0119 z serwerem Google, w tym tak\u017ce znajduj\u0105cymi si\u0119 poza terytorium Europejskiego Obszaru Gospodarczego. W takim przypadku Twoje dane b\u0119d\u0105 przekazywane do tzw. &#8222;pa\u0144stwa trzeciego&#8221; w rozumieniu przepis\u00f3w RODO.<\/p>\r\n<p>Google jest podmiotem certyfikowanym w ramach programu Tarcza Prywatno\u015bci (ang. <em>Privacy Shield<\/em>) zatwierdzonym decyzj\u0105 Komisji Europejskiej, co gwarantuje odpowiedni poziom bezpiecze\u0144stwa Twoich danych.<\/p>\r\n<p>Je\u015bli nie chcesz, aby Google przetwarza\u0142o dane dotycz\u0105ce odwiedzenia przez Ciebie naszej Strony pami\u0119taj o wylogowaniu si\u0119 z konta Google przed rozpocz\u0119ciem przegl\u0105dania. Google przechowuje Twoje dane i wykorzystuje je do cel\u00f3w reklamowych, bada\u0144 rynku i spersonalizowanej prezentacji Google Maps. Mo\u017cesz zg\u0142osi\u0107 sprzeciw wobec zbierania danych przez Google.<\/p>\r\n<p>Wi\u0119cej informacji znajdziesz na stronie internetowej: <a href=\"https:\/\/policies.google.com\/privacy?hl=pl\">https:\/\/policies.google.com\/privacy?hl=pl<\/a>\u00a0oraz w Dodatkowych Warunkach Korzystania dla Google Maps dost\u0119pnych pod adresem: <a href=\"https:\/\/www.google.com\/intl\/pl\/help\/terms_maps\/\">https:\/\/www.google.com\/intl\/pl\/help\/terms_maps\/<\/a>.<\/p>\r\n<h4>\u00a0<\/h4>\r\n<h4><strong>Osadzone wideo YouTube<\/strong><\/h4>\r\n<p>Na niekt\u00f3rych podstronach osadzili\u015bmy pliki wideo zamieszczone w serwisie Youtube. Je\u017celi zdecydujesz si\u0119 odtworzy\u0107 takie wideo to na Twoim urz\u0105dzeniu ko\u0144cowym zapisane zostan\u0105 pliki <em>cookies<\/em> dostarczone przez Google z siedzib\u0105 w Stanach Zjednoczonych Ameryki. Pliki <em>cookies<\/em>\u0142adowane s\u0105 dopiero przy odtwarzaniu wideo.<\/p>\r\n<p>Informacja dotycz\u0105ca odtwarzanego przez Ciebie wideo wraz z Twoim adresem IP jest przesy\u0142ana bezpo\u015brednio na serwery Google i tam przechowywana. Je\u017celi w chwili odtwarzania wideo by\u0142e\u015b zalogowany do jakiegokolwiek serwisu Google, to us\u0142ugodawca ten b\u0119dzie m\u00f3g\u0142 przypisa\u0107 w\/w informacje bezpo\u015brednio do Twojego profilu.<\/p>\r\n<p>Wi\u0119cej informacji i regulacji dotycz\u0105cych ochrony danych mo\u017cna znale\u017a\u0107 w polityce prywatno\u015bci Google pod adresem: <a href=\"https:\/\/policies.google.com\/privacy?hl=pl\"><u>https:\/\/policies.google.com\/privacy?hl=pl<\/u><\/a><\/p>\r\n<h4>\u00a0<\/h4>\r\n<h4><strong>Odno\u015bniki zewn\u0119trzne<\/strong><\/h4>\r\n<p>Przegl\u0105daj\u0105c strony Sklepu mo\u017cesz znale\u017a\u0107 hiper\u0142\u0105cza do zewn\u0119trznych stron sieci web. Wiele z nich nie jest jednak w \u017caden spos\u00f3b zwi\u0105zanych z Administratorem, wi\u0119c powiniene\u015b mie\u0107 na uwadze, \u017ce mog\u0105 one zbiera\u0107 i przetwarza\u0107 Twoje dane osobowe w zupe\u0142nie inny spos\u00f3b, ni\u017c opisany w niniejszej polityce.<\/p>\r\n<h4>\u00a0<\/h4>\r\n<h4><strong>Blokada cookies<\/strong><\/h4>\r\n<p>Zawsze masz mo\u017cliwo\u015b\u0107 zablokowania zapisywania plik\u00f3w <em>cookies<\/em> poprzez odpowiedni\u0105 zmian\u0119 ustawie\u0144 przegl\u0105darki internetowej, z kt\u00f3rej korzystasz. Wy\u0142\u0105czenie <em>cookies<\/em> mo\u017ce mie\u0107 wp\u0142yw na funkcjonowanie Strony. Brak zmiany ustawie\u0144 przegl\u0105darki oznacza akceptacj\u0119 dla stosowanych <em>cookies<\/em>. Zgodnie z obowi\u0105zuj\u0105cymi przepisami prawa przyjmujemy, \u017ce mo\u017cesz wyrazi\u0107 lub odm\u00f3wi\u0107 zgody na wykorzystywanie plik\u00f3w <em>cookies<\/em> poprzez odpowiedni\u0105 konfiguracj\u0119 swojej przegl\u0105darki. Wyra\u017cona przez Ciebie w ten spos\u00f3b wyra\u017cona mo\u017ce by\u0107 w ka\u017cdym momencie wycofana poprzez zmian\u0119 ustawie\u0144 przegl\u0105darki internetowej. Mo\u017cesz r\u00f3wnie\u017c w dowolnym momencie usun\u0105\u0107 pliki <em>cookie<\/em> przechowywane na swoim urz\u0105dzeniu.<\/p>\r\n<p>Wycofanie zgody nie wp\u0142ywa na zgodno\u015b\u0107 z prawem przetwarzania danych zawartych w plikach <em>cookie<\/em> do chwili jej wycofania.<\/p>\r\n<p>Szczeg\u00f3\u0142owe informacje dotycz\u0105ce ustawie\u0144 przegl\u0105darek internetowych z zakresie plik\u00f3w <em>cookies<\/em> mo\u017cesz odnale\u017a\u0107 pod nast\u0119puj\u0105cymi adresami:<\/p>\r\n<ul>\r\n<li>Internet Explorer:\u00a0<a title=\"https:\/\/support.microsoft.com\/pl-pl\/help\/17442\/windows-internet-explorer-delete-manage-cookies\" href=\"https:\/\/support.microsoft.com\/pl-pl\/help\/17442\/windows-internet-explorer-delete-manage-cookies\">https:\/\/support.microsoft.com\/pl-pl\/help\/17442\/windows-internet-explorer-delete-manage-cookies<\/a><\/li>\r\n<li>Mozilla Firefox:\u00a0<a title=\"http:\/\/support.mozilla.org\/pl\/kb\/ciasteczka\" href=\"http:\/\/support.mozilla.org\/pl\/kb\/ciasteczka\">http:\/\/support.mozilla.org\/pl\/kb\/ciasteczka<\/a><\/li>\r\n<li>Google Chrome:\u00a0<a title=\"http:\/\/support.google.com\/chrome\/bin\/answer.py?hl=pl&amp;answer=95647\" href=\"http:\/\/support.google.com\/chrome\/bin\/answer.py?hl=pl&amp;answer=95647\">http:\/\/support.google.com\/chrome\/bin\/answer.py?hl=pl&amp;answer=95647<\/a><\/li>\r\n<li>Opera:\u00a0<a title=\"http:\/\/help.opera.com\/Windows\/12.10\/pl\/cookies.html\" href=\"http:\/\/help.opera.com\/Windows\/12.10\/pl\/cookies.html\">http:\/\/help.opera.com\/Windows\/12.10\/pl\/cookies.html<\/a><\/li>\r\n<li>Safari:\u00a0<a title=\"https:\/\/support.apple.com\/kb\/PH5042?locale=en-GB\" href=\"https:\/\/support.apple.com\/kb\/PH5042?locale=en-GB\">https:\/\/support.apple.com\/kb\/PH5042?locale=en-GB<\/a><\/li>\r\n<\/ul>\r\n<p>Masz te\u017c mo\u017cliwo\u015b\u0107 zweryfikowania w ka\u017cdej chwili swoich ustawie\u0144 w przegl\u0105darce, r\u00f3wnie\u017c w stosunku do poszczeg\u00f3lnych plik\u00f3w <em>cookie<\/em>. W tym celu mo\u017cesz skorzysta\u0107 m.in. z nast\u0119puj\u0105cych narz\u0119dzi:<\/p>\r\n<ul>\r\n<li><a title=\"http:\/\/www.youronlinechoices.com\/pl\/twojewybory\" href=\"http:\/\/www.youronlinechoices.com\/pl\/twojewybory\">http:\/\/www.youronlinechoices.com\/pl\/twojewybory<\/a><\/li>\r\n<li><a title=\"http:\/\/optout.aboutads.info\/?c=2&amp;lang=EN\" href=\"http:\/\/optout.aboutads.info\/?c=2&amp;lang=EN\">http:\/\/optout.aboutads.info\/?c=2&amp;lang=EN<\/a><\/li>\r\n<\/ul>\r\n","protected":false},"excerpt":{"rendered":"<p>POLITYKA PRYWATNO\u015aCI Niniejsza polityka wyja\u015bnia zasady przetwarzania Twoich danych osobowych oraz przechowywania lub uzyskiwania dost\u0119pu do informacji zapisanych w Twoich urz\u0105dzeniach (np. komputerze, tablecie czy smartfonie), przy pomocy kt\u00f3rych \u0142\u0105czysz [&hellip;]<\/p>\n","protected":false},"author":1,"featured_media":0,"parent":0,"menu_order":0,"comment_status":"closed","ping_status":"open","template":"","meta":{"footnotes":""},"class_list":["post-3","page","type-page","status-publish","hentry"],"_links":{"self":[{"href":"https:\/\/splawski.eu\/index.php\/wp-json\/wp\/v2\/pages\/3"}],"collection":[{"href":"https:\/\/splawski.eu\/index.php\/wp-json\/wp\/v2\/pages"}],"about":[{"href":"https:\/\/splawski.eu\/index.php\/wp-json\/wp\/v2\/types\/page"}],"author":[{"embeddable":true,"href":"https:\/\/splawski.eu\/index.php\/wp-json\/wp\/v2\/users\/1"}],"replies":[{"embeddable":true,"href":"https:\/\/splawski.eu\/index.php\/wp-json\/wp\/v2\/comments?post=3"}],"version-history":[{"count":14,"href":"https:\/\/splawski.eu\/index.php\/wp-json\/wp\/v2\/pages\/3\/revisions"}],"predecessor-version":[{"id":1655,"href":"https:\/\/splawski.eu\/index.php\/wp-json\/wp\/v2\/pages\/3\/revisions\/1655"}],"wp:attachment":[{"href":"https:\/\/splawski.eu\/index.php\/wp-json\/wp\/v2\/media?parent=3"}],"curies":[{"name":"wp","href":"https:\/\/api.w.org\/{rel}","templated":true}]}}